{"id":2474,"date":"2023-10-12T10:10:10","date_gmt":"2023-10-12T10:10:10","guid":{"rendered":"https:\/\/fenixmediadesign.com\/?page_id=2474"},"modified":"2023-10-14T06:16:49","modified_gmt":"2023-10-14T06:16:49","slug":"aviso-legal","status":"publish","type":"page","link":"https:\/\/fenixmediadesign.com\/index.php\/aviso-legal\/","title":{"rendered":"Aviso legal"},"content":{"rendered":"\t\t<div data-elementor-type=\"wp-page\" data-elementor-id=\"2474\" class=\"elementor elementor-2474\" data-elementor-settings=\"{&quot;ha_cmc_init_switcher&quot;:&quot;no&quot;}\" data-elementor-post-type=\"page\">\n\t\t\t\t<div data-particle_enable=\"false\" data-particle-mobile-disabled=\"false\" class=\"elementor-element elementor-element-347ce02 e-con-full e-flex wpr-particle-no wpr-jarallax-no wpr-parallax-no wpr-sticky-section-no e-con e-parent\" data-id=\"347ce02\" data-element_type=\"container\" data-e-type=\"container\" data-settings=\"{&quot;background_background&quot;:&quot;classic&quot;,&quot;_ha_eqh_enable&quot;:false}\">\n\t\t\t\t<div class=\"elementor-element elementor-element-191e919 elementor-widget elementor-widget-heading\" data-id=\"191e919\" data-element_type=\"widget\" data-e-type=\"widget\" data-widget_type=\"heading.default\">\n\t\t\t\t<div class=\"elementor-widget-container\">\n\t\t\t\t\t<h2 class=\"elementor-heading-title elementor-size-default\">Aviso legal<\/h2>\t\t\t\t<\/div>\n\t\t\t\t<\/div>\n\t\t\t\t<\/div>\n\t\t<div data-particle_enable=\"false\" data-particle-mobile-disabled=\"false\" class=\"elementor-element elementor-element-83ccdd5 e-flex e-con-boxed wpr-particle-no wpr-jarallax-no wpr-parallax-no wpr-sticky-section-no e-con e-parent\" data-id=\"83ccdd5\" data-element_type=\"container\" data-e-type=\"container\" data-settings=\"{&quot;_ha_eqh_enable&quot;:false}\">\n\t\t\t\t\t<div class=\"e-con-inner\">\n\t\t\t\t<div class=\"elementor-element elementor-element-cc58a4a elementor-widget elementor-widget-text-editor\" data-id=\"cc58a4a\" data-element_type=\"widget\" data-e-type=\"widget\" data-widget_type=\"text-editor.default\">\n\t\t\t\t<div class=\"elementor-widget-container\">\n\t\t\t\t\t\t\t\t\t<p>\u00a0<\/p><p><strong>Informaci\u00f3n general<\/strong><\/p><p>Este sitio web es propiedad de F\u00e9nix Media Design Studio. Para ponerse en contacto con nosotros, puede utilizar la siguiente informaci\u00f3n:<\/p><p>&#8211; Nombre de la empresa: F\u00e9nix Media Design Studio<\/p><p>&#8211; Direcci\u00f3n: Aires de Hato Monta\u00f1a, Arraij\u00e1n, Panam\u00e1.<\/p><p>&#8211; Tel\u00e9fono: 62327724<\/p><p><strong>Uso del sitio web<\/strong><\/p><p>Al acceder a este sitio web, usted acepta cumplir con estos t\u00e9rminos y condiciones de uso. El acceso y uso de este sitio est\u00e1n sujetos a las leyes y regulaciones aplicables.<\/p><p><strong>Propiedad intelectual<\/strong><\/p><p>Los contenidos de este sitio web, incluyendo pero no limitado a textos, im\u00e1genes, gr\u00e1ficos, logotipos y dise\u00f1o, est\u00e1n protegidos por derechos de autor y otras leyes de propiedad intelectual. No est\u00e1 permitido copiar, reproducir o distribuir estos contenidos sin nuestro permiso por escrito.<\/p><p><strong>Limitaci\u00f3n de responsabilidad<\/strong><\/p><p>No asumimos ninguna responsabilidad por la exactitud o integridad de la informaci\u00f3n proporcionada en este sitio web. El uso de la informaci\u00f3n es bajo su propio riesgo.<\/p><p><strong>Ley aplicable y jurisdicci\u00f3n.<\/strong><\/p><p>Este aviso legal se rige por las leyes de Panam\u00e1. Cualquier disputa que surja en relaci\u00f3n con este sitio web estar\u00e1 sujeta a la jurisdicci\u00f3n exclusiva de los tribunales de Arraij\u00e1n, Panam\u00e1.<\/p><p><strong>Modificaciones<\/strong><\/p><p>Nos reservamos el derecho de modificar estos t\u00e9rminos y condiciones en cualquier momento. Cualquier cambio ser\u00e1 efectivo inmediatamente despu\u00e9s de su publicaci\u00f3n en este sitio web.<\/p>\t\t\t\t\t\t\t\t<\/div>\n\t\t\t\t<\/div>\n\t\t\t\t\t<\/div>\n\t\t\t\t<\/div>\n\t\t\t\t<\/div>\n\t\t","protected":false},"excerpt":{"rendered":"<p>Aviso legal Informaci\u00f3n general Este sitio web es propiedad de F\u00e9nix Media Design Studio. Para ponerse en contacto con nosotros, puede utilizar la siguiente informaci\u00f3n: &#8211; Nombre de la empresa: F\u00e9nix Media Design Studio &#8211; Direcci\u00f3n: Aires de Hato Monta\u00f1a, Arraij\u00e1n, Panam\u00e1. &#8211; Tel\u00e9fono: 62327724 Uso del sitio web Al acceder a este sitio web, usted acepta cumplir con estos t\u00e9rminos y condiciones de uso. El acceso y uso de este sitio est\u00e1n sujetos a las leyes y regulaciones aplicables. Propiedad intelectual Los contenidos de este sitio web, incluyendo pero no limitado a textos, im\u00e1genes, gr\u00e1ficos, logotipos y dise\u00f1o, est\u00e1n protegidos por derechos de autor y otras leyes de propiedad intelectual. No est\u00e1 permitido copiar, reproducir o distribuir estos contenidos sin nuestro permiso por escrito. Limitaci\u00f3n de responsabilidad No asumimos ninguna responsabilidad por la exactitud o integridad de la informaci\u00f3n proporcionada en este sitio web. El uso de la informaci\u00f3n es bajo su propio riesgo. Ley aplicable y jurisdicci\u00f3n. Este aviso legal se rige por las leyes de Panam\u00e1. Cualquier disputa que surja en relaci\u00f3n con este sitio web estar\u00e1 sujeta a la jurisdicci\u00f3n exclusiva de los tribunales de Arraij\u00e1n, Panam\u00e1. Modificaciones Nos reservamos el derecho de modificar estos t\u00e9rminos y condiciones en cualquier momento. Cualquier cambio ser\u00e1 efectivo inmediatamente despu\u00e9s de su publicaci\u00f3n en este sitio web.<\/p>\n","protected":false},"author":9,"featured_media":0,"parent":0,"menu_order":0,"comment_status":"closed","ping_status":"closed","template":"","meta":{"_eb_attr":"","_monsterinsights_skip_tracking":false,"_monsterinsights_sitenote_active":false,"_monsterinsights_sitenote_note":"","_monsterinsights_sitenote_category":0,"site-sidebar-layout":"no-sidebar","site-content-layout":"","ast-site-content-layout":"full-width-container","site-content-style":"default","site-sidebar-style":"default","ast-global-header-display":"","ast-banner-title-visibility":"","ast-main-header-display":"","ast-hfb-above-header-display":"","ast-hfb-below-header-display":"","ast-hfb-mobile-header-display":"","site-post-title":"disabled","ast-breadcrumbs-content":"","ast-featured-img":"disabled","footer-sml-layout":"","ast-disable-related-posts":"","theme-transparent-header-meta":"","adv-header-id-meta":"","stick-header-meta":"","header-above-stick-meta":"","header-main-stick-meta":"","header-below-stick-meta":"","astra-migrate-meta-layouts":"default","ast-page-background-enabled":"default","ast-page-background-meta":{"desktop":{"background-color":"var(--ast-global-color-4)","background-image":"","background-repeat":"repeat","background-position":"center center","background-size":"auto","background-attachment":"scroll","background-type":"","background-media":"","overlay-type":"","overlay-color":"","overlay-opacity":"","overlay-gradient":""},"tablet":{"background-color":"","background-image":"","background-repeat":"repeat","background-position":"center center","background-size":"auto","background-attachment":"scroll","background-type":"","background-media":"","overlay-type":"","overlay-color":"","overlay-opacity":"","overlay-gradient":""},"mobile":{"background-color":"","background-image":"","background-repeat":"repeat","background-position":"center center","background-size":"auto","background-attachment":"scroll","background-type":"","background-media":"","overlay-type":"","overlay-color":"","overlay-opacity":"","overlay-gradient":""}},"ast-content-background-meta":{"desktop":{"background-color":"var(--ast-global-color-5)","background-image":"","background-repeat":"repeat","background-position":"center center","background-size":"auto","background-attachment":"scroll","background-type":"","background-media":"","overlay-type":"","overlay-color":"","overlay-opacity":"","overlay-gradient":""},"tablet":{"background-color":"var(--ast-global-color-5)","background-image":"","background-repeat":"repeat","background-position":"center center","background-size":"auto","background-attachment":"scroll","background-type":"","background-media":"","overlay-type":"","overlay-color":"","overlay-opacity":"","overlay-gradient":""},"mobile":{"background-color":"var(--ast-global-color-5)","background-image":"","background-repeat":"repeat","background-position":"center center","background-size":"auto","background-attachment":"scroll","background-type":"","background-media":"","overlay-type":"","overlay-color":"","overlay-opacity":"","overlay-gradient":""}},"footnotes":""},"class_list":["post-2474","page","type-page","status-publish","hentry"],"aioseo_notices":[],"yoast_head":"<!-- This site is optimized with the Yoast SEO plugin v27.0 - https:\/\/yoast.com\/product\/yoast-seo-wordpress\/ -->\n<title>Aviso legal - Fenix Media Design<\/title>\n<meta name=\"robots\" content=\"noindex, follow\" \/>\n<meta property=\"og:locale\" content=\"es_ES\" \/>\n<meta property=\"og:type\" content=\"article\" \/>\n<meta property=\"og:title\" content=\"Aviso legal - Fenix Media Design\" \/>\n<meta property=\"og:description\" content=\"Aviso legal Informaci\u00f3n general Este sitio web es propiedad de F\u00e9nix Media Design Studio. Para ponerse en contacto con nosotros, puede utilizar la siguiente informaci\u00f3n: &#8211; Nombre de la empresa: F\u00e9nix Media Design Studio &#8211; Direcci\u00f3n: Aires de Hato Monta\u00f1a, Arraij\u00e1n, Panam\u00e1. &#8211; Tel\u00e9fono: 62327724 Uso del sitio web Al acceder a este sitio web, usted acepta cumplir con estos t\u00e9rminos y condiciones de uso. El acceso y uso de este sitio est\u00e1n sujetos a las leyes y regulaciones aplicables. Propiedad intelectual Los contenidos de este sitio web, incluyendo pero no limitado a textos, im\u00e1genes, gr\u00e1ficos, logotipos y dise\u00f1o, est\u00e1n protegidos por derechos de autor y otras leyes de propiedad intelectual. No est\u00e1 permitido copiar, reproducir o distribuir estos contenidos sin nuestro permiso por escrito. Limitaci\u00f3n de responsabilidad No asumimos ninguna responsabilidad por la exactitud o integridad de la informaci\u00f3n proporcionada en este sitio web. El uso de la informaci\u00f3n es bajo su propio riesgo. Ley aplicable y jurisdicci\u00f3n. Este aviso legal se rige por las leyes de Panam\u00e1. Cualquier disputa que surja en relaci\u00f3n con este sitio web estar\u00e1 sujeta a la jurisdicci\u00f3n exclusiva de los tribunales de Arraij\u00e1n, Panam\u00e1. Modificaciones Nos reservamos el derecho de modificar estos t\u00e9rminos y condiciones en cualquier momento. Cualquier cambio ser\u00e1 efectivo inmediatamente despu\u00e9s de su publicaci\u00f3n en este sitio web.\" \/>\n<meta property=\"og:url\" content=\"https:\/\/fenixmediadesign.com\/index.php\/aviso-legal\/\" \/>\n<meta property=\"og:site_name\" content=\"Fenix Media Design\" \/>\n<meta property=\"article:modified_time\" content=\"2023-10-14T06:16:49+00:00\" \/>\n<meta property=\"og:image\" content=\"https:\/\/fenixmediadesign.com\/wp-content\/uploads\/2023\/10\/20231012_190213_0000.png\" \/>\n\t<meta property=\"og:image:width\" content=\"1080\" \/>\n\t<meta property=\"og:image:height\" content=\"1080\" \/>\n\t<meta property=\"og:image:type\" content=\"image\/png\" \/>\n<meta name=\"twitter:card\" content=\"summary_large_image\" \/>\n<meta name=\"twitter:label1\" content=\"Tiempo de lectura\" \/>\n\t<meta name=\"twitter:data1\" content=\"1 minuto\" \/>\n<script type=\"application\/ld+json\" class=\"yoast-schema-graph\">{\"@context\":\"https:\/\/schema.org\",\"@graph\":[{\"@type\":\"WebPage\",\"@id\":\"https:\/\/fenixmediadesign.com\/index.php\/aviso-legal\/\",\"url\":\"https:\/\/fenixmediadesign.com\/index.php\/aviso-legal\/\",\"name\":\"Aviso legal - Fenix Media Design\",\"isPartOf\":{\"@id\":\"https:\/\/fenixmediadesign.com\/#website\"},\"datePublished\":\"2023-10-12T10:10:10+00:00\",\"dateModified\":\"2023-10-14T06:16:49+00:00\",\"breadcrumb\":{\"@id\":\"https:\/\/fenixmediadesign.com\/index.php\/aviso-legal\/#breadcrumb\"},\"inLanguage\":\"es-CO\",\"potentialAction\":[{\"@type\":\"ReadAction\",\"target\":[\"https:\/\/fenixmediadesign.com\/index.php\/aviso-legal\/\"]}]},{\"@type\":\"BreadcrumbList\",\"@id\":\"https:\/\/fenixmediadesign.com\/index.php\/aviso-legal\/#breadcrumb\",\"itemListElement\":[{\"@type\":\"ListItem\",\"position\":1,\"name\":\"Inicio\",\"item\":\"https:\/\/fenixmediadesign.com\/\"},{\"@type\":\"ListItem\",\"position\":2,\"name\":\"Aviso legal\"}]},{\"@type\":\"WebSite\",\"@id\":\"https:\/\/fenixmediadesign.com\/#website\",\"url\":\"https:\/\/fenixmediadesign.com\/\",\"name\":\"Fenix Media Design Store\",\"description\":\"Tienda de grabado y sublimaci\u00f3n en Panam\u00e1\",\"publisher\":{\"@id\":\"https:\/\/fenixmediadesign.com\/#organization\"},\"alternateName\":\"Fenixmediadesign\",\"potentialAction\":[{\"@type\":\"SearchAction\",\"target\":{\"@type\":\"EntryPoint\",\"urlTemplate\":\"https:\/\/fenixmediadesign.com\/?s={search_term_string}\"},\"query-input\":{\"@type\":\"PropertyValueSpecification\",\"valueRequired\":true,\"valueName\":\"search_term_string\"}}],\"inLanguage\":\"es-CO\"},{\"@type\":\"Organization\",\"@id\":\"https:\/\/fenixmediadesign.com\/#organization\",\"name\":\"Fenix Media Design Store\",\"alternateName\":\"FMDS\",\"url\":\"https:\/\/fenixmediadesign.com\/\",\"logo\":{\"@type\":\"ImageObject\",\"inLanguage\":\"es-CO\",\"@id\":\"https:\/\/fenixmediadesign.com\/#\/schema\/logo\/image\/\",\"url\":\"https:\/\/fenixmediadesign.com\/wp-content\/uploads\/2023\/10\/20231012_190213_0000.png\",\"contentUrl\":\"https:\/\/fenixmediadesign.com\/wp-content\/uploads\/2023\/10\/20231012_190213_0000.png\",\"width\":1080,\"height\":1080,\"caption\":\"Fenix Media Design Store\"},\"image\":{\"@id\":\"https:\/\/fenixmediadesign.com\/#\/schema\/logo\/image\/\"}}]}<\/script>\n<!-- \/ Yoast SEO plugin. -->","yoast_head_json":{"title":"Aviso legal - Fenix Media Design","robots":{"index":"noindex","follow":"follow"},"og_locale":"es_ES","og_type":"article","og_title":"Aviso legal - Fenix Media Design","og_description":"Aviso legal Informaci\u00f3n general Este sitio web es propiedad de F\u00e9nix Media Design Studio. Para ponerse en contacto con nosotros, puede utilizar la siguiente informaci\u00f3n: &#8211; Nombre de la empresa: F\u00e9nix Media Design Studio &#8211; Direcci\u00f3n: Aires de Hato Monta\u00f1a, Arraij\u00e1n, Panam\u00e1. &#8211; Tel\u00e9fono: 62327724 Uso del sitio web Al acceder a este sitio web, usted acepta cumplir con estos t\u00e9rminos y condiciones de uso. El acceso y uso de este sitio est\u00e1n sujetos a las leyes y regulaciones aplicables. Propiedad intelectual Los contenidos de este sitio web, incluyendo pero no limitado a textos, im\u00e1genes, gr\u00e1ficos, logotipos y dise\u00f1o, est\u00e1n protegidos por derechos de autor y otras leyes de propiedad intelectual. No est\u00e1 permitido copiar, reproducir o distribuir estos contenidos sin nuestro permiso por escrito. Limitaci\u00f3n de responsabilidad No asumimos ninguna responsabilidad por la exactitud o integridad de la informaci\u00f3n proporcionada en este sitio web. El uso de la informaci\u00f3n es bajo su propio riesgo. Ley aplicable y jurisdicci\u00f3n. Este aviso legal se rige por las leyes de Panam\u00e1. Cualquier disputa que surja en relaci\u00f3n con este sitio web estar\u00e1 sujeta a la jurisdicci\u00f3n exclusiva de los tribunales de Arraij\u00e1n, Panam\u00e1. Modificaciones Nos reservamos el derecho de modificar estos t\u00e9rminos y condiciones en cualquier momento. Cualquier cambio ser\u00e1 efectivo inmediatamente despu\u00e9s de su publicaci\u00f3n en este sitio web.","og_url":"https:\/\/fenixmediadesign.com\/index.php\/aviso-legal\/","og_site_name":"Fenix Media Design","article_modified_time":"2023-10-14T06:16:49+00:00","og_image":[{"width":1080,"height":1080,"url":"https:\/\/fenixmediadesign.com\/wp-content\/uploads\/2023\/10\/20231012_190213_0000.png","type":"image\/png"}],"twitter_card":"summary_large_image","twitter_misc":{"Tiempo de lectura":"1 minuto"},"schema":{"@context":"https:\/\/schema.org","@graph":[{"@type":"WebPage","@id":"https:\/\/fenixmediadesign.com\/index.php\/aviso-legal\/","url":"https:\/\/fenixmediadesign.com\/index.php\/aviso-legal\/","name":"Aviso legal - Fenix Media Design","isPartOf":{"@id":"https:\/\/fenixmediadesign.com\/#website"},"datePublished":"2023-10-12T10:10:10+00:00","dateModified":"2023-10-14T06:16:49+00:00","breadcrumb":{"@id":"https:\/\/fenixmediadesign.com\/index.php\/aviso-legal\/#breadcrumb"},"inLanguage":"es-CO","potentialAction":[{"@type":"ReadAction","target":["https:\/\/fenixmediadesign.com\/index.php\/aviso-legal\/"]}]},{"@type":"BreadcrumbList","@id":"https:\/\/fenixmediadesign.com\/index.php\/aviso-legal\/#breadcrumb","itemListElement":[{"@type":"ListItem","position":1,"name":"Inicio","item":"https:\/\/fenixmediadesign.com\/"},{"@type":"ListItem","position":2,"name":"Aviso legal"}]},{"@type":"WebSite","@id":"https:\/\/fenixmediadesign.com\/#website","url":"https:\/\/fenixmediadesign.com\/","name":"Fenix Media Design Store","description":"Tienda de grabado y sublimaci\u00f3n en Panam\u00e1","publisher":{"@id":"https:\/\/fenixmediadesign.com\/#organization"},"alternateName":"Fenixmediadesign","potentialAction":[{"@type":"SearchAction","target":{"@type":"EntryPoint","urlTemplate":"https:\/\/fenixmediadesign.com\/?s={search_term_string}"},"query-input":{"@type":"PropertyValueSpecification","valueRequired":true,"valueName":"search_term_string"}}],"inLanguage":"es-CO"},{"@type":"Organization","@id":"https:\/\/fenixmediadesign.com\/#organization","name":"Fenix Media Design Store","alternateName":"FMDS","url":"https:\/\/fenixmediadesign.com\/","logo":{"@type":"ImageObject","inLanguage":"es-CO","@id":"https:\/\/fenixmediadesign.com\/#\/schema\/logo\/image\/","url":"https:\/\/fenixmediadesign.com\/wp-content\/uploads\/2023\/10\/20231012_190213_0000.png","contentUrl":"https:\/\/fenixmediadesign.com\/wp-content\/uploads\/2023\/10\/20231012_190213_0000.png","width":1080,"height":1080,"caption":"Fenix Media Design Store"},"image":{"@id":"https:\/\/fenixmediadesign.com\/#\/schema\/logo\/image\/"}}]}},"_hostinger_reach_plugin_has_subscription_block":false,"_hostinger_reach_plugin_is_elementor":false,"_links":{"self":[{"href":"https:\/\/fenixmediadesign.com\/index.php\/wp-json\/wp\/v2\/pages\/2474","targetHints":{"allow":["GET"]}}],"collection":[{"href":"https:\/\/fenixmediadesign.com\/index.php\/wp-json\/wp\/v2\/pages"}],"about":[{"href":"https:\/\/fenixmediadesign.com\/index.php\/wp-json\/wp\/v2\/types\/page"}],"author":[{"embeddable":true,"href":"https:\/\/fenixmediadesign.com\/index.php\/wp-json\/wp\/v2\/users\/9"}],"replies":[{"embeddable":true,"href":"https:\/\/fenixmediadesign.com\/index.php\/wp-json\/wp\/v2\/comments?post=2474"}],"version-history":[{"count":8,"href":"https:\/\/fenixmediadesign.com\/index.php\/wp-json\/wp\/v2\/pages\/2474\/revisions"}],"predecessor-version":[{"id":3376,"href":"https:\/\/fenixmediadesign.com\/index.php\/wp-json\/wp\/v2\/pages\/2474\/revisions\/3376"}],"wp:attachment":[{"href":"https:\/\/fenixmediadesign.com\/index.php\/wp-json\/wp\/v2\/media?parent=2474"}],"curies":[{"name":"wp","href":"https:\/\/api.w.org\/{rel}","templated":true}]}}