{"id":2562,"date":"2023-10-12T11:17:43","date_gmt":"2023-10-12T11:17:43","guid":{"rendered":"https:\/\/fenixmediadesign.com\/?page_id=2562"},"modified":"2023-10-14T06:15:27","modified_gmt":"2023-10-14T06:15:27","slug":"terminos-legales","status":"publish","type":"page","link":"https:\/\/fenixmediadesign.com\/index.php\/terminos-legales\/","title":{"rendered":"Terminos legales"},"content":{"rendered":"\t\t<div data-elementor-type=\"wp-page\" data-elementor-id=\"2562\" class=\"elementor elementor-2562\" data-elementor-settings=\"{&quot;ha_cmc_init_switcher&quot;:&quot;no&quot;}\" data-elementor-post-type=\"page\">\n\t\t\t\t<div data-particle_enable=\"false\" data-particle-mobile-disabled=\"false\" class=\"elementor-element elementor-element-347ce02 e-con-full e-flex wpr-particle-no wpr-jarallax-no wpr-parallax-no wpr-sticky-section-no e-con e-parent\" data-id=\"347ce02\" data-element_type=\"container\" data-e-type=\"container\" data-settings=\"{&quot;background_background&quot;:&quot;classic&quot;,&quot;_ha_eqh_enable&quot;:false}\">\n\t\t\t\t<div class=\"elementor-element elementor-element-191e919 elementor-widget elementor-widget-heading\" data-id=\"191e919\" data-element_type=\"widget\" data-e-type=\"widget\" data-widget_type=\"heading.default\">\n\t\t\t\t<div class=\"elementor-widget-container\">\n\t\t\t\t\t<h2 class=\"elementor-heading-title elementor-size-default\">T\u00e9rminos y condiciones<\/h2>\t\t\t\t<\/div>\n\t\t\t\t<\/div>\n\t\t\t\t<\/div>\n\t\t<div data-particle_enable=\"false\" data-particle-mobile-disabled=\"false\" class=\"elementor-element elementor-element-83ccdd5 e-flex e-con-boxed wpr-particle-no wpr-jarallax-no wpr-parallax-no wpr-sticky-section-no e-con e-parent\" data-id=\"83ccdd5\" data-element_type=\"container\" data-e-type=\"container\" data-settings=\"{&quot;_ha_eqh_enable&quot;:false}\">\n\t\t\t\t\t<div class=\"e-con-inner\">\n\t\t\t\t<div class=\"elementor-element elementor-element-cc58a4a elementor-widget elementor-widget-text-editor\" data-id=\"cc58a4a\" data-element_type=\"widget\" data-e-type=\"widget\" data-widget_type=\"text-editor.default\">\n\t\t\t\t<div class=\"elementor-widget-container\">\n\t\t\t\t\t\t\t\t\t<p>\u00a0<\/p><p><strong>Aceptaci\u00f3n de los T\u00e9rminos<\/strong><\/p><p>Al acceder y utilizar el sitio web de F\u00e9nix Media Design Studio, usted acepta cumplir con estos t\u00e9rminos y condiciones de uso. Si no est\u00e1 de acuerdo con alguno de los t\u00e9rminos, le recomendamos que no utilice nuestro sitio web.<\/p><p><strong>Uso del Sitio Web<\/strong><\/p><p>Usted se compromete a utilizar este sitio web de manera l\u00edcita y de acuerdo con todas las leyes y regulaciones aplicables. No est\u00e1 permitido utilizar el sitio para actividades ilegales o no autorizadas.<\/p><p><strong>Propiedad Intelectual<\/strong><\/p><p>Los contenidos de este sitio web, incluyendo pero no limitado a textos, im\u00e1genes, gr\u00e1ficos, logotipos y dise\u00f1o, est\u00e1n protegidos por derechos de autor y otras leyes de propiedad intelectual. No est\u00e1 permitido copiar, reproducir o distribuir estos contenidos sin nuestro permiso por escrito.<\/p><p><strong>Comunicaci\u00f3n<\/strong><\/p><p>Cuando se comunique con nosotros a trav\u00e9s de este sitio web, se compromete a proporcionar informaci\u00f3n precisa y completa. No estamos obligados a responder a comunicaciones que sean abusivas, difamatorias o ilegales.<\/p><p><strong>Limitaci\u00f3n de Responsabilidad<\/strong><\/p><p>No asumimos ninguna responsabilidad por la exactitud o integridad de la informaci\u00f3n proporcionada en este sitio web. El uso de la informaci\u00f3n es bajo su propio riesgo.<\/p><p><strong>Ley Aplicable y Jurisdicci\u00f3n<\/strong><\/p><p>Estos t\u00e9rminos y condiciones se rigen por las leyes de Panam\u00e1. Cualquier disputa que surja en relaci\u00f3n con este sitio web estar\u00e1 sujeta a la jurisdicci\u00f3n exclusiva de los tribunales de Panam\u00e1.\u00a0<\/p><p><strong>Modificaciones<\/strong><\/p><p>Nos reservamos el derecho de modificar estos t\u00e9rminos y condiciones en cualquier momento. Cualquier cambio ser\u00e1 efectivo inmediatamente despu\u00e9s de su publicaci\u00f3n en este sitio web.<\/p><p><b>\u00a0<\/b><\/p><p><b>&#8212;<\/b><\/p>\t\t\t\t\t\t\t\t<\/div>\n\t\t\t\t<\/div>\n\t\t\t\t\t<\/div>\n\t\t\t\t<\/div>\n\t\t\t\t<\/div>\n\t\t","protected":false},"excerpt":{"rendered":"<p>T\u00e9rminos y condiciones Aceptaci\u00f3n de los T\u00e9rminos Al acceder y utilizar el sitio web de F\u00e9nix Media Design Studio, usted acepta cumplir con estos t\u00e9rminos y condiciones de uso. Si no est\u00e1 de acuerdo con alguno de los t\u00e9rminos, le recomendamos que no utilice nuestro sitio web. Uso del Sitio Web Usted se compromete a utilizar este sitio web de manera l\u00edcita y de acuerdo con todas las leyes y regulaciones aplicables. No est\u00e1 permitido utilizar el sitio para actividades ilegales o no autorizadas. Propiedad Intelectual Los contenidos de este sitio web, incluyendo pero no limitado a textos, im\u00e1genes, gr\u00e1ficos, logotipos y dise\u00f1o, est\u00e1n protegidos por derechos de autor y otras leyes de propiedad intelectual. No est\u00e1 permitido copiar, reproducir o distribuir estos contenidos sin nuestro permiso por escrito. Comunicaci\u00f3n Cuando se comunique con nosotros a trav\u00e9s de este sitio web, se compromete a proporcionar informaci\u00f3n precisa y completa. No estamos obligados a responder a comunicaciones que sean abusivas, difamatorias o ilegales. Limitaci\u00f3n de Responsabilidad No asumimos ninguna responsabilidad por la exactitud o integridad de la informaci\u00f3n proporcionada en este sitio web. El uso de la informaci\u00f3n es bajo su propio riesgo. Ley Aplicable y Jurisdicci\u00f3n Estos t\u00e9rminos y condiciones se rigen por las leyes de Panam\u00e1. Cualquier disputa que surja en relaci\u00f3n con este sitio web estar\u00e1 sujeta a la jurisdicci\u00f3n exclusiva de los tribunales de Panam\u00e1. Modificaciones Nos reservamos el derecho de modificar estos t\u00e9rminos y condiciones en cualquier momento. Cualquier cambio ser\u00e1 efectivo inmediatamente despu\u00e9s de su publicaci\u00f3n en este sitio web. \u00a0 &#8212;<\/p>\n","protected":false},"author":9,"featured_media":0,"parent":0,"menu_order":0,"comment_status":"closed","ping_status":"closed","template":"","meta":{"_eb_attr":"","_monsterinsights_skip_tracking":false,"_monsterinsights_sitenote_active":false,"_monsterinsights_sitenote_note":"","_monsterinsights_sitenote_category":0,"site-sidebar-layout":"no-sidebar","site-content-layout":"","ast-site-content-layout":"full-width-container","site-content-style":"default","site-sidebar-style":"default","ast-global-header-display":"","ast-banner-title-visibility":"","ast-main-header-display":"","ast-hfb-above-header-display":"","ast-hfb-below-header-display":"","ast-hfb-mobile-header-display":"","site-post-title":"disabled","ast-breadcrumbs-content":"","ast-featured-img":"disabled","footer-sml-layout":"","ast-disable-related-posts":"","theme-transparent-header-meta":"","adv-header-id-meta":"","stick-header-meta":"","header-above-stick-meta":"","header-main-stick-meta":"","header-below-stick-meta":"","astra-migrate-meta-layouts":"default","ast-page-background-enabled":"default","ast-page-background-meta":{"desktop":{"background-color":"var(--ast-global-color-4)","background-image":"","background-repeat":"repeat","background-position":"center center","background-size":"auto","background-attachment":"scroll","background-type":"","background-media":"","overlay-type":"","overlay-color":"","overlay-opacity":"","overlay-gradient":""},"tablet":{"background-color":"","background-image":"","background-repeat":"repeat","background-position":"center center","background-size":"auto","background-attachment":"scroll","background-type":"","background-media":"","overlay-type":"","overlay-color":"","overlay-opacity":"","overlay-gradient":""},"mobile":{"background-color":"","background-image":"","background-repeat":"repeat","background-position":"center center","background-size":"auto","background-attachment":"scroll","background-type":"","background-media":"","overlay-type":"","overlay-color":"","overlay-opacity":"","overlay-gradient":""}},"ast-content-background-meta":{"desktop":{"background-color":"var(--ast-global-color-5)","background-image":"","background-repeat":"repeat","background-position":"center center","background-size":"auto","background-attachment":"scroll","background-type":"","background-media":"","overlay-type":"","overlay-color":"","overlay-opacity":"","overlay-gradient":""},"tablet":{"background-color":"var(--ast-global-color-5)","background-image":"","background-repeat":"repeat","background-position":"center center","background-size":"auto","background-attachment":"scroll","background-type":"","background-media":"","overlay-type":"","overlay-color":"","overlay-opacity":"","overlay-gradient":""},"mobile":{"background-color":"var(--ast-global-color-5)","background-image":"","background-repeat":"repeat","background-position":"center center","background-size":"auto","background-attachment":"scroll","background-type":"","background-media":"","overlay-type":"","overlay-color":"","overlay-opacity":"","overlay-gradient":""}},"footnotes":""},"class_list":["post-2562","page","type-page","status-publish","hentry"],"aioseo_notices":[],"yoast_head":"<!-- This site is optimized with the Yoast SEO plugin v27.0 - https:\/\/yoast.com\/product\/yoast-seo-wordpress\/ -->\n<title>Terminos legales - Fenix Media Design<\/title>\n<meta name=\"robots\" content=\"noindex, follow\" \/>\n<meta property=\"og:locale\" content=\"es_ES\" \/>\n<meta property=\"og:type\" content=\"article\" \/>\n<meta property=\"og:title\" content=\"Terminos legales - Fenix Media Design\" \/>\n<meta property=\"og:description\" content=\"T\u00e9rminos y condiciones Aceptaci\u00f3n de los T\u00e9rminos Al acceder y utilizar el sitio web de F\u00e9nix Media Design Studio, usted acepta cumplir con estos t\u00e9rminos y condiciones de uso. Si no est\u00e1 de acuerdo con alguno de los t\u00e9rminos, le recomendamos que no utilice nuestro sitio web. Uso del Sitio Web Usted se compromete a utilizar este sitio web de manera l\u00edcita y de acuerdo con todas las leyes y regulaciones aplicables. No est\u00e1 permitido utilizar el sitio para actividades ilegales o no autorizadas. Propiedad Intelectual Los contenidos de este sitio web, incluyendo pero no limitado a textos, im\u00e1genes, gr\u00e1ficos, logotipos y dise\u00f1o, est\u00e1n protegidos por derechos de autor y otras leyes de propiedad intelectual. No est\u00e1 permitido copiar, reproducir o distribuir estos contenidos sin nuestro permiso por escrito. Comunicaci\u00f3n Cuando se comunique con nosotros a trav\u00e9s de este sitio web, se compromete a proporcionar informaci\u00f3n precisa y completa. No estamos obligados a responder a comunicaciones que sean abusivas, difamatorias o ilegales. Limitaci\u00f3n de Responsabilidad No asumimos ninguna responsabilidad por la exactitud o integridad de la informaci\u00f3n proporcionada en este sitio web. El uso de la informaci\u00f3n es bajo su propio riesgo. Ley Aplicable y Jurisdicci\u00f3n Estos t\u00e9rminos y condiciones se rigen por las leyes de Panam\u00e1. Cualquier disputa que surja en relaci\u00f3n con este sitio web estar\u00e1 sujeta a la jurisdicci\u00f3n exclusiva de los tribunales de Panam\u00e1. Modificaciones Nos reservamos el derecho de modificar estos t\u00e9rminos y condiciones en cualquier momento. Cualquier cambio ser\u00e1 efectivo inmediatamente despu\u00e9s de su publicaci\u00f3n en este sitio web. \u00a0 &#8212;\" \/>\n<meta property=\"og:url\" content=\"https:\/\/fenixmediadesign.com\/index.php\/terminos-legales\/\" \/>\n<meta property=\"og:site_name\" content=\"Fenix Media Design\" \/>\n<meta property=\"article:modified_time\" content=\"2023-10-14T06:15:27+00:00\" \/>\n<meta property=\"og:image\" content=\"https:\/\/fenixmediadesign.com\/wp-content\/uploads\/2023\/10\/20231012_190213_0000.png\" \/>\n\t<meta property=\"og:image:width\" content=\"1080\" \/>\n\t<meta property=\"og:image:height\" content=\"1080\" \/>\n\t<meta property=\"og:image:type\" content=\"image\/png\" \/>\n<meta name=\"twitter:card\" content=\"summary_large_image\" \/>\n<meta name=\"twitter:label1\" content=\"Tiempo de lectura\" \/>\n\t<meta name=\"twitter:data1\" content=\"1 minuto\" \/>\n<script type=\"application\/ld+json\" class=\"yoast-schema-graph\">{\"@context\":\"https:\/\/schema.org\",\"@graph\":[{\"@type\":\"WebPage\",\"@id\":\"https:\/\/fenixmediadesign.com\/index.php\/terminos-legales\/\",\"url\":\"https:\/\/fenixmediadesign.com\/index.php\/terminos-legales\/\",\"name\":\"Terminos legales - Fenix Media Design\",\"isPartOf\":{\"@id\":\"https:\/\/fenixmediadesign.com\/#website\"},\"datePublished\":\"2023-10-12T11:17:43+00:00\",\"dateModified\":\"2023-10-14T06:15:27+00:00\",\"breadcrumb\":{\"@id\":\"https:\/\/fenixmediadesign.com\/index.php\/terminos-legales\/#breadcrumb\"},\"inLanguage\":\"es-CO\",\"potentialAction\":[{\"@type\":\"ReadAction\",\"target\":[\"https:\/\/fenixmediadesign.com\/index.php\/terminos-legales\/\"]}]},{\"@type\":\"BreadcrumbList\",\"@id\":\"https:\/\/fenixmediadesign.com\/index.php\/terminos-legales\/#breadcrumb\",\"itemListElement\":[{\"@type\":\"ListItem\",\"position\":1,\"name\":\"Inicio\",\"item\":\"https:\/\/fenixmediadesign.com\/\"},{\"@type\":\"ListItem\",\"position\":2,\"name\":\"Terminos legales\"}]},{\"@type\":\"WebSite\",\"@id\":\"https:\/\/fenixmediadesign.com\/#website\",\"url\":\"https:\/\/fenixmediadesign.com\/\",\"name\":\"Fenix Media Design Store\",\"description\":\"Tienda de grabado y sublimaci\u00f3n en Panam\u00e1\",\"publisher\":{\"@id\":\"https:\/\/fenixmediadesign.com\/#organization\"},\"alternateName\":\"Fenixmediadesign\",\"potentialAction\":[{\"@type\":\"SearchAction\",\"target\":{\"@type\":\"EntryPoint\",\"urlTemplate\":\"https:\/\/fenixmediadesign.com\/?s={search_term_string}\"},\"query-input\":{\"@type\":\"PropertyValueSpecification\",\"valueRequired\":true,\"valueName\":\"search_term_string\"}}],\"inLanguage\":\"es-CO\"},{\"@type\":\"Organization\",\"@id\":\"https:\/\/fenixmediadesign.com\/#organization\",\"name\":\"Fenix Media Design Store\",\"alternateName\":\"FMDS\",\"url\":\"https:\/\/fenixmediadesign.com\/\",\"logo\":{\"@type\":\"ImageObject\",\"inLanguage\":\"es-CO\",\"@id\":\"https:\/\/fenixmediadesign.com\/#\/schema\/logo\/image\/\",\"url\":\"https:\/\/fenixmediadesign.com\/wp-content\/uploads\/2023\/10\/20231012_190213_0000.png\",\"contentUrl\":\"https:\/\/fenixmediadesign.com\/wp-content\/uploads\/2023\/10\/20231012_190213_0000.png\",\"width\":1080,\"height\":1080,\"caption\":\"Fenix Media Design Store\"},\"image\":{\"@id\":\"https:\/\/fenixmediadesign.com\/#\/schema\/logo\/image\/\"}}]}<\/script>\n<!-- \/ Yoast SEO plugin. -->","yoast_head_json":{"title":"Terminos legales - Fenix Media Design","robots":{"index":"noindex","follow":"follow"},"og_locale":"es_ES","og_type":"article","og_title":"Terminos legales - Fenix Media Design","og_description":"T\u00e9rminos y condiciones Aceptaci\u00f3n de los T\u00e9rminos Al acceder y utilizar el sitio web de F\u00e9nix Media Design Studio, usted acepta cumplir con estos t\u00e9rminos y condiciones de uso. Si no est\u00e1 de acuerdo con alguno de los t\u00e9rminos, le recomendamos que no utilice nuestro sitio web. Uso del Sitio Web Usted se compromete a utilizar este sitio web de manera l\u00edcita y de acuerdo con todas las leyes y regulaciones aplicables. No est\u00e1 permitido utilizar el sitio para actividades ilegales o no autorizadas. Propiedad Intelectual Los contenidos de este sitio web, incluyendo pero no limitado a textos, im\u00e1genes, gr\u00e1ficos, logotipos y dise\u00f1o, est\u00e1n protegidos por derechos de autor y otras leyes de propiedad intelectual. No est\u00e1 permitido copiar, reproducir o distribuir estos contenidos sin nuestro permiso por escrito. Comunicaci\u00f3n Cuando se comunique con nosotros a trav\u00e9s de este sitio web, se compromete a proporcionar informaci\u00f3n precisa y completa. No estamos obligados a responder a comunicaciones que sean abusivas, difamatorias o ilegales. Limitaci\u00f3n de Responsabilidad No asumimos ninguna responsabilidad por la exactitud o integridad de la informaci\u00f3n proporcionada en este sitio web. El uso de la informaci\u00f3n es bajo su propio riesgo. Ley Aplicable y Jurisdicci\u00f3n Estos t\u00e9rminos y condiciones se rigen por las leyes de Panam\u00e1. Cualquier disputa que surja en relaci\u00f3n con este sitio web estar\u00e1 sujeta a la jurisdicci\u00f3n exclusiva de los tribunales de Panam\u00e1. Modificaciones Nos reservamos el derecho de modificar estos t\u00e9rminos y condiciones en cualquier momento. Cualquier cambio ser\u00e1 efectivo inmediatamente despu\u00e9s de su publicaci\u00f3n en este sitio web. \u00a0 &#8212;","og_url":"https:\/\/fenixmediadesign.com\/index.php\/terminos-legales\/","og_site_name":"Fenix Media Design","article_modified_time":"2023-10-14T06:15:27+00:00","og_image":[{"width":1080,"height":1080,"url":"https:\/\/fenixmediadesign.com\/wp-content\/uploads\/2023\/10\/20231012_190213_0000.png","type":"image\/png"}],"twitter_card":"summary_large_image","twitter_misc":{"Tiempo de lectura":"1 minuto"},"schema":{"@context":"https:\/\/schema.org","@graph":[{"@type":"WebPage","@id":"https:\/\/fenixmediadesign.com\/index.php\/terminos-legales\/","url":"https:\/\/fenixmediadesign.com\/index.php\/terminos-legales\/","name":"Terminos legales - Fenix Media Design","isPartOf":{"@id":"https:\/\/fenixmediadesign.com\/#website"},"datePublished":"2023-10-12T11:17:43+00:00","dateModified":"2023-10-14T06:15:27+00:00","breadcrumb":{"@id":"https:\/\/fenixmediadesign.com\/index.php\/terminos-legales\/#breadcrumb"},"inLanguage":"es-CO","potentialAction":[{"@type":"ReadAction","target":["https:\/\/fenixmediadesign.com\/index.php\/terminos-legales\/"]}]},{"@type":"BreadcrumbList","@id":"https:\/\/fenixmediadesign.com\/index.php\/terminos-legales\/#breadcrumb","itemListElement":[{"@type":"ListItem","position":1,"name":"Inicio","item":"https:\/\/fenixmediadesign.com\/"},{"@type":"ListItem","position":2,"name":"Terminos legales"}]},{"@type":"WebSite","@id":"https:\/\/fenixmediadesign.com\/#website","url":"https:\/\/fenixmediadesign.com\/","name":"Fenix Media Design Store","description":"Tienda de grabado y sublimaci\u00f3n en Panam\u00e1","publisher":{"@id":"https:\/\/fenixmediadesign.com\/#organization"},"alternateName":"Fenixmediadesign","potentialAction":[{"@type":"SearchAction","target":{"@type":"EntryPoint","urlTemplate":"https:\/\/fenixmediadesign.com\/?s={search_term_string}"},"query-input":{"@type":"PropertyValueSpecification","valueRequired":true,"valueName":"search_term_string"}}],"inLanguage":"es-CO"},{"@type":"Organization","@id":"https:\/\/fenixmediadesign.com\/#organization","name":"Fenix Media Design Store","alternateName":"FMDS","url":"https:\/\/fenixmediadesign.com\/","logo":{"@type":"ImageObject","inLanguage":"es-CO","@id":"https:\/\/fenixmediadesign.com\/#\/schema\/logo\/image\/","url":"https:\/\/fenixmediadesign.com\/wp-content\/uploads\/2023\/10\/20231012_190213_0000.png","contentUrl":"https:\/\/fenixmediadesign.com\/wp-content\/uploads\/2023\/10\/20231012_190213_0000.png","width":1080,"height":1080,"caption":"Fenix Media Design Store"},"image":{"@id":"https:\/\/fenixmediadesign.com\/#\/schema\/logo\/image\/"}}]}},"_hostinger_reach_plugin_has_subscription_block":false,"_hostinger_reach_plugin_is_elementor":false,"_links":{"self":[{"href":"https:\/\/fenixmediadesign.com\/index.php\/wp-json\/wp\/v2\/pages\/2562","targetHints":{"allow":["GET"]}}],"collection":[{"href":"https:\/\/fenixmediadesign.com\/index.php\/wp-json\/wp\/v2\/pages"}],"about":[{"href":"https:\/\/fenixmediadesign.com\/index.php\/wp-json\/wp\/v2\/types\/page"}],"author":[{"embeddable":true,"href":"https:\/\/fenixmediadesign.com\/index.php\/wp-json\/wp\/v2\/users\/9"}],"replies":[{"embeddable":true,"href":"https:\/\/fenixmediadesign.com\/index.php\/wp-json\/wp\/v2\/comments?post=2562"}],"version-history":[{"count":5,"href":"https:\/\/fenixmediadesign.com\/index.php\/wp-json\/wp\/v2\/pages\/2562\/revisions"}],"predecessor-version":[{"id":3368,"href":"https:\/\/fenixmediadesign.com\/index.php\/wp-json\/wp\/v2\/pages\/2562\/revisions\/3368"}],"wp:attachment":[{"href":"https:\/\/fenixmediadesign.com\/index.php\/wp-json\/wp\/v2\/media?parent=2562"}],"curies":[{"name":"wp","href":"https:\/\/api.w.org\/{rel}","templated":true}]}}