{"id":1912,"date":"2023-10-11T08:49:42","date_gmt":"2023-10-11T08:49:42","guid":{"rendered":"https:\/\/fenixmediadesign.com\/?post_type=product&#038;p=1912"},"modified":"2024-08-22T23:32:57","modified_gmt":"2024-08-22T23:32:57","slug":"impresion-de-gran-formato","status":"publish","type":"product","link":"https:\/\/fenixmediadesign.com\/index.php\/product\/impresion-de-gran-formato\/","title":{"rendered":"Counter promocional"},"content":{"rendered":"<p>Counter promocional ideal para ferias, exhibiciones y degustaciones. Ligero y transportable.<\/p>\n<p>Incluye impresi\u00f3n de gran formato y rotulaci\u00f3n, estructura y bolsa de tela para guardar.<\/p>\n<p>Color blanco.<\/p>\n<p>Material PVC\/ poliester.<\/p>\n<p>Medidas:<\/p>\n<p>Lateral: 38.5 cm x 0.80 cm<\/p>\n<p>Frontal: 81.3 cm x 0.80 cm<\/p>\n<p>Cenefa: 79.5 cm x 0.29 cm<\/p>\n","protected":false},"excerpt":{"rendered":"<p>Counter promocional ideal para ferias, exhibiciones y degustaciones. Ligero y transportable. Incluye impresi\u00f3n de gran formato y rotulaci\u00f3n, estructura y bolsa de tela para guardar. Color blanco. Material PVC\/ poliester. Medidas: Lateral: 38.5 cm x 0.80 cm Frontal: 81.3 cm x 0.80 cm Cenefa: 79.5 cm x 0.29 cm<\/p>\n","protected":false},"featured_media":2734,"comment_status":"open","ping_status":"closed","template":"","meta":{"_eb_attr":"","_monsterinsights_skip_tracking":false,"_monsterinsights_sitenote_active":false,"_monsterinsights_sitenote_note":"","_monsterinsights_sitenote_category":0,"site-sidebar-layout":"default","site-content-layout":"","ast-site-content-layout":"default","site-content-style":"default","site-sidebar-style":"default","ast-global-header-display":"","ast-banner-title-visibility":"","ast-main-header-display":"","ast-hfb-above-header-display":"","ast-hfb-below-header-display":"","ast-hfb-mobile-header-display":"","site-post-title":"","ast-breadcrumbs-content":"","ast-featured-img":"","footer-sml-layout":"","ast-disable-related-posts":"","theme-transparent-header-meta":"default","adv-header-id-meta":"","stick-header-meta":"","header-above-stick-meta":"","header-main-stick-meta":"","header-below-stick-meta":"","astra-migrate-meta-layouts":"set","ast-page-background-enabled":"default","ast-page-background-meta":{"desktop":{"background-color":"var(--ast-global-color-4)","background-image":"","background-repeat":"repeat","background-position":"center center","background-size":"auto","background-attachment":"scroll","background-type":"","background-media":"","overlay-type":"","overlay-color":"","overlay-opacity":"","overlay-gradient":""},"tablet":{"background-color":"","background-image":"","background-repeat":"repeat","background-position":"center center","background-size":"auto","background-attachment":"scroll","background-type":"","background-media":"","overlay-type":"","overlay-color":"","overlay-opacity":"","overlay-gradient":""},"mobile":{"background-color":"","background-image":"","background-repeat":"repeat","background-position":"center center","background-size":"auto","background-attachment":"scroll","background-type":"","background-media":"","overlay-type":"","overlay-color":"","overlay-opacity":"","overlay-gradient":""}},"ast-content-background-meta":{"desktop":{"background-color":"var(--ast-global-color-5)","background-image":"","background-repeat":"repeat","background-position":"center center","background-size":"auto","background-attachment":"scroll","background-type":"","background-media":"","overlay-type":"","overlay-color":"","overlay-opacity":"","overlay-gradient":""},"tablet":{"background-color":"var(--ast-global-color-5)","background-image":"","background-repeat":"repeat","background-position":"center center","background-size":"auto","background-attachment":"scroll","background-type":"","background-media":"","overlay-type":"","overlay-color":"","overlay-opacity":"","overlay-gradient":""},"mobile":{"background-color":"var(--ast-global-color-5)","background-image":"","background-repeat":"repeat","background-position":"center center","background-size":"auto","background-attachment":"scroll","background-type":"","background-media":"","overlay-type":"","overlay-color":"","overlay-opacity":"","overlay-gradient":""}}},"product_brand":[],"product_cat":[24],"product_tag":[],"class_list":{"0":"post-1912","1":"product","2":"type-product","3":"status-publish","4":"has-post-thumbnail","6":"product_cat-impresion-gran-formato","7":"desktop-align-left","8":"tablet-align-left","9":"mobile-align-left","11":"first","12":"instock","13":"taxable","14":"shipping-taxable","15":"purchasable","16":"product-type-simple"},"aioseo_notices":[],"yoast_head":"<!-- This site is optimized with the Yoast SEO plugin v27.0 - https:\/\/yoast.com\/product\/yoast-seo-wordpress\/ -->\n<title>Counter promocional | Impresi\u00f3n de gran formato<\/title>\n<meta name=\"description\" content=\"Counter promocional ideal para ferias, exhibiciones. Impresi\u00f3n de gran formato. Incluye impresi\u00f3n, rotulaci\u00f3n, estructura y bolsa para guardar.\" \/>\n<meta name=\"robots\" content=\"index, follow, max-snippet:-1, max-image-preview:large, max-video-preview:-1\" \/>\n<link rel=\"canonical\" href=\"https:\/\/fenixmediadesign.com\/index.php\/product\/impresion-de-gran-formato\/\" \/>\n<meta property=\"og:locale\" content=\"es_ES\" \/>\n<meta property=\"og:type\" content=\"article\" \/>\n<meta property=\"og:title\" content=\"Counter promocional | Impresi\u00f3n de gran formato\" \/>\n<meta property=\"og:description\" content=\"Counter promocional ideal para ferias, exhibiciones. Impresi\u00f3n de gran formato. Incluye impresi\u00f3n, rotulaci\u00f3n, estructura y bolsa para guardar.\" \/>\n<meta property=\"og:url\" content=\"https:\/\/fenixmediadesign.com\/index.php\/product\/impresion-de-gran-formato\/\" \/>\n<meta property=\"og:site_name\" content=\"Fenix Media Design\" \/>\n<meta property=\"article:modified_time\" content=\"2024-08-22T23:32:57+00:00\" \/>\n<meta property=\"og:image\" content=\"https:\/\/fenixmediadesign.com\/wp-content\/uploads\/2023\/10\/20231012_205824_0000.png\" \/>\n\t<meta property=\"og:image:width\" content=\"1080\" \/>\n\t<meta property=\"og:image:height\" content=\"1080\" \/>\n\t<meta property=\"og:image:type\" content=\"image\/png\" \/>\n<meta name=\"twitter:card\" content=\"summary_large_image\" \/>\n<script type=\"application\/ld+json\" class=\"yoast-schema-graph\">{\"@context\":\"https:\/\/schema.org\",\"@graph\":[{\"@type\":\"WebPage\",\"@id\":\"https:\/\/fenixmediadesign.com\/index.php\/product\/impresion-de-gran-formato\/\",\"url\":\"https:\/\/fenixmediadesign.com\/index.php\/product\/impresion-de-gran-formato\/\",\"name\":\"Counter promocional | Impresi\u00f3n de gran formato\",\"isPartOf\":{\"@id\":\"https:\/\/fenixmediadesign.com\/#website\"},\"primaryImageOfPage\":{\"@id\":\"https:\/\/fenixmediadesign.com\/index.php\/product\/impresion-de-gran-formato\/#primaryimage\"},\"image\":{\"@id\":\"https:\/\/fenixmediadesign.com\/index.php\/product\/impresion-de-gran-formato\/#primaryimage\"},\"thumbnailUrl\":\"https:\/\/fenixmediadesign.com\/wp-content\/uploads\/2023\/10\/20231012_205824_0000.png\",\"datePublished\":\"2023-10-11T08:49:42+00:00\",\"dateModified\":\"2024-08-22T23:32:57+00:00\",\"description\":\"Counter promocional ideal para ferias, exhibiciones. Impresi\u00f3n de gran formato. Incluye impresi\u00f3n, rotulaci\u00f3n, estructura y bolsa para guardar.\",\"breadcrumb\":{\"@id\":\"https:\/\/fenixmediadesign.com\/index.php\/product\/impresion-de-gran-formato\/#breadcrumb\"},\"inLanguage\":\"es-CO\",\"potentialAction\":[{\"@type\":\"ReadAction\",\"target\":[\"https:\/\/fenixmediadesign.com\/index.php\/product\/impresion-de-gran-formato\/\"]}]},{\"@type\":\"ImageObject\",\"inLanguage\":\"es-CO\",\"@id\":\"https:\/\/fenixmediadesign.com\/index.php\/product\/impresion-de-gran-formato\/#primaryimage\",\"url\":\"https:\/\/fenixmediadesign.com\/wp-content\/uploads\/2023\/10\/20231012_205824_0000.png\",\"contentUrl\":\"https:\/\/fenixmediadesign.com\/wp-content\/uploads\/2023\/10\/20231012_205824_0000.png\",\"width\":1080,\"height\":1080,\"caption\":\"counter para ferias personalizado\"},{\"@type\":\"BreadcrumbList\",\"@id\":\"https:\/\/fenixmediadesign.com\/index.php\/product\/impresion-de-gran-formato\/#breadcrumb\",\"itemListElement\":[{\"@type\":\"ListItem\",\"position\":1,\"name\":\"Inicio\",\"item\":\"https:\/\/fenixmediadesign.com\/\"},{\"@type\":\"ListItem\",\"position\":2,\"name\":\"Productos\",\"item\":\"https:\/\/fenixmediadesign.com\/index.php\/shop\/\"},{\"@type\":\"ListItem\",\"position\":3,\"name\":\"Counter promocional\"}]},{\"@type\":\"WebSite\",\"@id\":\"https:\/\/fenixmediadesign.com\/#website\",\"url\":\"https:\/\/fenixmediadesign.com\/\",\"name\":\"Fenix Media Design Store\",\"description\":\"Tienda de grabado y sublimaci\u00f3n en Panam\u00e1\",\"publisher\":{\"@id\":\"https:\/\/fenixmediadesign.com\/#organization\"},\"alternateName\":\"Fenixmediadesign\",\"potentialAction\":[{\"@type\":\"SearchAction\",\"target\":{\"@type\":\"EntryPoint\",\"urlTemplate\":\"https:\/\/fenixmediadesign.com\/?s={search_term_string}\"},\"query-input\":{\"@type\":\"PropertyValueSpecification\",\"valueRequired\":true,\"valueName\":\"search_term_string\"}}],\"inLanguage\":\"es-CO\"},{\"@type\":\"Organization\",\"@id\":\"https:\/\/fenixmediadesign.com\/#organization\",\"name\":\"Fenix Media Design Store\",\"alternateName\":\"FMDS\",\"url\":\"https:\/\/fenixmediadesign.com\/\",\"logo\":{\"@type\":\"ImageObject\",\"inLanguage\":\"es-CO\",\"@id\":\"https:\/\/fenixmediadesign.com\/#\/schema\/logo\/image\/\",\"url\":\"https:\/\/fenixmediadesign.com\/wp-content\/uploads\/2023\/10\/20231012_190213_0000.png\",\"contentUrl\":\"https:\/\/fenixmediadesign.com\/wp-content\/uploads\/2023\/10\/20231012_190213_0000.png\",\"width\":1080,\"height\":1080,\"caption\":\"Fenix Media Design Store\"},\"image\":{\"@id\":\"https:\/\/fenixmediadesign.com\/#\/schema\/logo\/image\/\"}}]}<\/script>\n<!-- \/ Yoast SEO plugin. -->","yoast_head_json":{"title":"Counter promocional | Impresi\u00f3n de gran formato","description":"Counter promocional ideal para ferias, exhibiciones. Impresi\u00f3n de gran formato. Incluye impresi\u00f3n, rotulaci\u00f3n, estructura y bolsa para guardar.","robots":{"index":"index","follow":"follow","max-snippet":"max-snippet:-1","max-image-preview":"max-image-preview:large","max-video-preview":"max-video-preview:-1"},"canonical":"https:\/\/fenixmediadesign.com\/index.php\/product\/impresion-de-gran-formato\/","og_locale":"es_ES","og_type":"article","og_title":"Counter promocional | Impresi\u00f3n de gran formato","og_description":"Counter promocional ideal para ferias, exhibiciones. Impresi\u00f3n de gran formato. Incluye impresi\u00f3n, rotulaci\u00f3n, estructura y bolsa para guardar.","og_url":"https:\/\/fenixmediadesign.com\/index.php\/product\/impresion-de-gran-formato\/","og_site_name":"Fenix Media Design","article_modified_time":"2024-08-22T23:32:57+00:00","og_image":[{"width":1080,"height":1080,"url":"https:\/\/fenixmediadesign.com\/wp-content\/uploads\/2023\/10\/20231012_205824_0000.png","type":"image\/png"}],"twitter_card":"summary_large_image","schema":{"@context":"https:\/\/schema.org","@graph":[{"@type":"WebPage","@id":"https:\/\/fenixmediadesign.com\/index.php\/product\/impresion-de-gran-formato\/","url":"https:\/\/fenixmediadesign.com\/index.php\/product\/impresion-de-gran-formato\/","name":"Counter promocional | Impresi\u00f3n de gran formato","isPartOf":{"@id":"https:\/\/fenixmediadesign.com\/#website"},"primaryImageOfPage":{"@id":"https:\/\/fenixmediadesign.com\/index.php\/product\/impresion-de-gran-formato\/#primaryimage"},"image":{"@id":"https:\/\/fenixmediadesign.com\/index.php\/product\/impresion-de-gran-formato\/#primaryimage"},"thumbnailUrl":"https:\/\/fenixmediadesign.com\/wp-content\/uploads\/2023\/10\/20231012_205824_0000.png","datePublished":"2023-10-11T08:49:42+00:00","dateModified":"2024-08-22T23:32:57+00:00","description":"Counter promocional ideal para ferias, exhibiciones. Impresi\u00f3n de gran formato. Incluye impresi\u00f3n, rotulaci\u00f3n, estructura y bolsa para guardar.","breadcrumb":{"@id":"https:\/\/fenixmediadesign.com\/index.php\/product\/impresion-de-gran-formato\/#breadcrumb"},"inLanguage":"es-CO","potentialAction":[{"@type":"ReadAction","target":["https:\/\/fenixmediadesign.com\/index.php\/product\/impresion-de-gran-formato\/"]}]},{"@type":"ImageObject","inLanguage":"es-CO","@id":"https:\/\/fenixmediadesign.com\/index.php\/product\/impresion-de-gran-formato\/#primaryimage","url":"https:\/\/fenixmediadesign.com\/wp-content\/uploads\/2023\/10\/20231012_205824_0000.png","contentUrl":"https:\/\/fenixmediadesign.com\/wp-content\/uploads\/2023\/10\/20231012_205824_0000.png","width":1080,"height":1080,"caption":"counter para ferias personalizado"},{"@type":"BreadcrumbList","@id":"https:\/\/fenixmediadesign.com\/index.php\/product\/impresion-de-gran-formato\/#breadcrumb","itemListElement":[{"@type":"ListItem","position":1,"name":"Inicio","item":"https:\/\/fenixmediadesign.com\/"},{"@type":"ListItem","position":2,"name":"Productos","item":"https:\/\/fenixmediadesign.com\/index.php\/shop\/"},{"@type":"ListItem","position":3,"name":"Counter promocional"}]},{"@type":"WebSite","@id":"https:\/\/fenixmediadesign.com\/#website","url":"https:\/\/fenixmediadesign.com\/","name":"Fenix Media Design Store","description":"Tienda de grabado y sublimaci\u00f3n en Panam\u00e1","publisher":{"@id":"https:\/\/fenixmediadesign.com\/#organization"},"alternateName":"Fenixmediadesign","potentialAction":[{"@type":"SearchAction","target":{"@type":"EntryPoint","urlTemplate":"https:\/\/fenixmediadesign.com\/?s={search_term_string}"},"query-input":{"@type":"PropertyValueSpecification","valueRequired":true,"valueName":"search_term_string"}}],"inLanguage":"es-CO"},{"@type":"Organization","@id":"https:\/\/fenixmediadesign.com\/#organization","name":"Fenix Media Design Store","alternateName":"FMDS","url":"https:\/\/fenixmediadesign.com\/","logo":{"@type":"ImageObject","inLanguage":"es-CO","@id":"https:\/\/fenixmediadesign.com\/#\/schema\/logo\/image\/","url":"https:\/\/fenixmediadesign.com\/wp-content\/uploads\/2023\/10\/20231012_190213_0000.png","contentUrl":"https:\/\/fenixmediadesign.com\/wp-content\/uploads\/2023\/10\/20231012_190213_0000.png","width":1080,"height":1080,"caption":"Fenix Media Design Store"},"image":{"@id":"https:\/\/fenixmediadesign.com\/#\/schema\/logo\/image\/"}}]}},"_links":{"self":[{"href":"https:\/\/fenixmediadesign.com\/index.php\/wp-json\/wp\/v2\/product\/1912","targetHints":{"allow":["GET"]}}],"collection":[{"href":"https:\/\/fenixmediadesign.com\/index.php\/wp-json\/wp\/v2\/product"}],"about":[{"href":"https:\/\/fenixmediadesign.com\/index.php\/wp-json\/wp\/v2\/types\/product"}],"replies":[{"embeddable":true,"href":"https:\/\/fenixmediadesign.com\/index.php\/wp-json\/wp\/v2\/comments?post=1912"}],"wp:featuredmedia":[{"embeddable":true,"href":"https:\/\/fenixmediadesign.com\/index.php\/wp-json\/wp\/v2\/media\/2734"}],"wp:attachment":[{"href":"https:\/\/fenixmediadesign.com\/index.php\/wp-json\/wp\/v2\/media?parent=1912"}],"wp:term":[{"taxonomy":"product_brand","embeddable":true,"href":"https:\/\/fenixmediadesign.com\/index.php\/wp-json\/wp\/v2\/product_brand?post=1912"},{"taxonomy":"product_cat","embeddable":true,"href":"https:\/\/fenixmediadesign.com\/index.php\/wp-json\/wp\/v2\/product_cat?post=1912"},{"taxonomy":"product_tag","embeddable":true,"href":"https:\/\/fenixmediadesign.com\/index.php\/wp-json\/wp\/v2\/product_tag?post=1912"}],"curies":[{"name":"wp","href":"https:\/\/api.w.org\/{rel}","templated":true}]}}